{"id":1064,"date":"2024-03-14T12:59:48","date_gmt":"2024-03-14T11:59:48","guid":{"rendered":"https:\/\/featlander.com\/?page_id=1064"},"modified":"2024-03-14T12:59:48","modified_gmt":"2024-03-14T11:59:48","slug":"aviso-de-propiedad-intelectual","status":"publish","type":"page","link":"https:\/\/featlander.com\/en\/aviso-de-propiedad-intelectual\/","title":{"rendered":"Aviso de Propiedad Intelectual"},"content":{"rendered":"<p>\u00daltima actualizaci\u00f3n: 13\/03\/2024<\/p>\n\n\n\n<p>Todos los derechos de propiedad intelectual sobre el contenido y dise\u00f1o de este sitio web, incluyendo pero no limitado a textos, gr\u00e1ficos, logotipos, im\u00e1genes, clips de audio, clips de v\u00eddeo, interfaces de usuario y c\u00f3digo de software, son propiedad de FEATLANDER o de sus respectivos propietarios y est\u00e1n protegidos por las leyes de propiedad intelectual aplicables en Espa\u00f1a.<\/p>\n\n\n\n<p>Queda estrictamente prohibida cualquier reproducci\u00f3n, distribuci\u00f3n, modificaci\u00f3n o utilizaci\u00f3n del contenido de este sitio web, total o parcialmente, sin el consentimiento previo y por escrito de FEATLANDER o de los respectivos propietarios de la propiedad intelectual de terceros, seg\u00fan corresponda, excepto cuando se indique expresamente lo contrario.<\/p>\n\n\n\n<p>El uso no autorizado del contenido de este sitio web puede constituir una violaci\u00f3n de los derechos de propiedad intelectual y dar lugar a responsabilidad civil o penal.<\/p>\n\n\n\n<p>Marcas Registradas<\/p>\n\n\n\n<p>Todas las marcas comerciales, marcas de servicio y nombres comerciales utilizados en este sitio web son propiedad de sus respectivos propietarios y est\u00e1n protegidos por las leyes de marcas aplicables en Espa\u00f1a y en otros pa\u00edses. El uso no autorizado de estas marcas est\u00e1 estrictamente prohibido y puede constituir una violaci\u00f3n de los derechos de propiedad intelectual.<\/p>\n\n\n\n<p>Contenido generado por el usuario<\/p>\n\n\n\n<p>Si usted proporciona cualquier tipo de contenido generado por el usuario (como comentarios, publicaciones en redes sociales, etc.) en relaci\u00f3n con nuestro sitio web, usted otorga a FEATLANDER una licencia no exclusiva, perpetua, irrevocable, libre de regal\u00edas y totalmente sublicenciable para utilizar, reproducir, modificar, adaptar, publicar, traducir, crear trabajos derivados, distribuir y mostrar dicho contenido en cualquier medio y formato en todo el mundo.<\/p>\n\n\n\n<p>Contact<\/p>\n\n\n\n<p>Si tiene alguna pregunta sobre nuestro aviso de propiedad intelectual, incluyendo las marcas y propiedad intelectual de terceros mencionadas en este sitio web, puede ponerse en contacto con nosotros en info@featlander.com<\/p>","protected":false},"excerpt":{"rendered":"<p>\u00daltima actualizaci\u00f3n: 13\/03\/2024 Todos los derechos de propiedad intelectual sobre el contenido y dise\u00f1o de este sitio web, incluyendo pero [&hellip;]<\/p>\n","protected":false},"author":1,"featured_media":0,"parent":0,"menu_order":0,"comment_status":"closed","ping_status":"closed","template":"","meta":{"site-sidebar-layout":"default","site-content-layout":"","ast-site-content-layout":"default","site-content-style":"default","site-sidebar-style":"default","ast-global-header-display":"","ast-banner-title-visibility":"","ast-main-header-display":"","ast-hfb-above-header-display":"","ast-hfb-below-header-display":"","ast-hfb-mobile-header-display":"","site-post-title":"","ast-breadcrumbs-content":"","ast-featured-img":"","footer-sml-layout":"","ast-disable-related-posts":"","theme-transparent-header-meta":"","adv-header-id-meta":"","stick-header-meta":"","header-above-stick-meta":"","header-main-stick-meta":"","header-below-stick-meta":"","astra-migrate-meta-layouts":"default","ast-page-background-enabled":"default","ast-page-background-meta":{"desktop":{"background-color":"var(--ast-global-color-4)","background-image":"","background-repeat":"repeat","background-position":"center center","background-size":"auto","background-attachment":"scroll","background-type":"","background-media":"","overlay-type":"","overlay-color":"","overlay-opacity":"","overlay-gradient":""},"tablet":{"background-color":"","background-image":"","background-repeat":"repeat","background-position":"center center","background-size":"auto","background-attachment":"scroll","background-type":"","background-media":"","overlay-type":"","overlay-color":"","overlay-opacity":"","overlay-gradient":""},"mobile":{"background-color":"","background-image":"","background-repeat":"repeat","background-position":"center center","background-size":"auto","background-attachment":"scroll","background-type":"","background-media":"","overlay-type":"","overlay-color":"","overlay-opacity":"","overlay-gradient":""}},"ast-content-background-meta":{"desktop":{"background-color":"var(--ast-global-color-5)","background-image":"","background-repeat":"repeat","background-position":"center center","background-size":"auto","background-attachment":"scroll","background-type":"","background-media":"","overlay-type":"","overlay-color":"","overlay-opacity":"","overlay-gradient":""},"tablet":{"background-color":"var(--ast-global-color-5)","background-image":"","background-repeat":"repeat","background-position":"center center","background-size":"auto","background-attachment":"scroll","background-type":"","background-media":"","overlay-type":"","overlay-color":"","overlay-opacity":"","overlay-gradient":""},"mobile":{"background-color":"var(--ast-global-color-5)","background-image":"","background-repeat":"repeat","background-position":"center center","background-size":"auto","background-attachment":"scroll","background-type":"","background-media":"","overlay-type":"","overlay-color":"","overlay-opacity":"","overlay-gradient":""}},"footnotes":""},"class_list":["post-1064","page","type-page","status-publish","hentry"],"_links":{"self":[{"href":"https:\/\/featlander.com\/en\/wp-json\/wp\/v2\/pages\/1064","targetHints":{"allow":["GET"]}}],"collection":[{"href":"https:\/\/featlander.com\/en\/wp-json\/wp\/v2\/pages"}],"about":[{"href":"https:\/\/featlander.com\/en\/wp-json\/wp\/v2\/types\/page"}],"author":[{"embeddable":true,"href":"https:\/\/featlander.com\/en\/wp-json\/wp\/v2\/users\/1"}],"replies":[{"embeddable":true,"href":"https:\/\/featlander.com\/en\/wp-json\/wp\/v2\/comments?post=1064"}],"version-history":[{"count":1,"href":"https:\/\/featlander.com\/en\/wp-json\/wp\/v2\/pages\/1064\/revisions"}],"predecessor-version":[{"id":1065,"href":"https:\/\/featlander.com\/en\/wp-json\/wp\/v2\/pages\/1064\/revisions\/1065"}],"wp:attachment":[{"href":"https:\/\/featlander.com\/en\/wp-json\/wp\/v2\/media?parent=1064"}],"curies":[{"name":"wp","href":"https:\/\/api.w.org\/{rel}","templated":true}]}}