{"id":1062,"date":"2024-03-14T12:59:15","date_gmt":"2024-03-14T11:59:15","guid":{"rendered":"https:\/\/featlander.com\/?page_id=1062"},"modified":"2024-03-14T12:59:15","modified_gmt":"2024-03-14T11:59:15","slug":"politica-de-cookies","status":"publish","type":"page","link":"https:\/\/featlander.com\/en\/politica-de-cookies\/","title":{"rendered":"Pol\u00edtica de Cookies"},"content":{"rendered":"<p>\u00daltima actualizaci\u00f3n: 13\/03\/2024<\/p>\n\n\n\n<p>En FEATLANDER, utilizamos cookies y tecnolog\u00edas similares para mejorar la experiencia del usuario en nuestro sitio web y para recopilar informaci\u00f3n sobre su navegaci\u00f3n.<\/p>\n\n\n\n<p>\u00bfQu\u00e9 son las cookies?<\/p>\n\n\n\n<p>Las cookies son peque\u00f1os archivos de texto que se almacenan en su dispositivo cuando visita un sitio web. Estas cookies nos permiten recordar sus preferencias, analizar el rendimiento del sitio y proporcionar contenido personalizado.<\/p>\n\n\n\n<p>Tipos de cookies que utilizamos<\/p>\n\n\n\n<ul class=\"wp-block-list\">\n<li>Cookies esenciales: Son necesarias para el funcionamiento b\u00e1sico del sitio web y le permiten navegar por el mismo y utilizar sus funciones.<\/li>\n\n\n\n<li>Cookies de rendimiento: Nos ayudan a comprender c\u00f3mo los usuarios interact\u00faan con el sitio web, proporcion\u00e1ndonos informaci\u00f3n sobre \u00e1reas que necesitan mejoras.<\/li>\n\n\n\n<li>Cookies de funcionalidad: Nos permiten recordar sus preferencias y personalizar su experiencia de navegaci\u00f3n.<\/li>\n\n\n\n<li>Cookies de terceros: Utilizamos cookies de terceros, como Google Analytics, para realizar an\u00e1lisis de la audiencia y mejorar nuestros servicios. Estas cookies son gestionadas por terceros y pueden utilizarse para mostrarle anuncios personalizados.<\/li>\n<\/ul>\n\n\n\n<p>C\u00f3mo controlar las cookies<\/p>\n\n\n\n<p>Puede controlar y administrar el uso de cookies a trav\u00e9s de la configuraci\u00f3n de su navegador web. Tenga en cuenta que desactivar ciertas cookies puede afectar la funcionalidad del sitio web y su experiencia de navegaci\u00f3n.<\/p>\n\n\n\n<p>Cambios en la pol\u00edtica de cookies<\/p>\n\n\n\n<p>Nos reservamos el derecho de actualizar esta pol\u00edtica de cookies en cualquier momento. Cualquier cambio significativo se comunicar\u00e1 a trav\u00e9s del sitio web.<\/p>\n\n\n\n<p>Contact<\/p>\n\n\n\n<p>Si tiene alguna pregunta sobre nuestra pol\u00edtica de cookies, puede ponerse en contacto con nosotros en info@featlander.com<\/p>","protected":false},"excerpt":{"rendered":"<p>\u00daltima actualizaci\u00f3n: 13\/03\/2024 En FEATLANDER, utilizamos cookies y tecnolog\u00edas similares para mejorar la experiencia del usuario en nuestro sitio web [&hellip;]<\/p>\n","protected":false},"author":1,"featured_media":0,"parent":0,"menu_order":0,"comment_status":"closed","ping_status":"closed","template":"","meta":{"site-sidebar-layout":"default","site-content-layout":"","ast-site-content-layout":"default","site-content-style":"default","site-sidebar-style":"default","ast-global-header-display":"","ast-banner-title-visibility":"","ast-main-header-display":"","ast-hfb-above-header-display":"","ast-hfb-below-header-display":"","ast-hfb-mobile-header-display":"","site-post-title":"","ast-breadcrumbs-content":"","ast-featured-img":"","footer-sml-layout":"","ast-disable-related-posts":"","theme-transparent-header-meta":"","adv-header-id-meta":"","stick-header-meta":"","header-above-stick-meta":"","header-main-stick-meta":"","header-below-stick-meta":"","astra-migrate-meta-layouts":"default","ast-page-background-enabled":"default","ast-page-background-meta":{"desktop":{"background-color":"var(--ast-global-color-4)","background-image":"","background-repeat":"repeat","background-position":"center center","background-size":"auto","background-attachment":"scroll","background-type":"","background-media":"","overlay-type":"","overlay-color":"","overlay-opacity":"","overlay-gradient":""},"tablet":{"background-color":"","background-image":"","background-repeat":"repeat","background-position":"center center","background-size":"auto","background-attachment":"scroll","background-type":"","background-media":"","overlay-type":"","overlay-color":"","overlay-opacity":"","overlay-gradient":""},"mobile":{"background-color":"","background-image":"","background-repeat":"repeat","background-position":"center center","background-size":"auto","background-attachment":"scroll","background-type":"","background-media":"","overlay-type":"","overlay-color":"","overlay-opacity":"","overlay-gradient":""}},"ast-content-background-meta":{"desktop":{"background-color":"var(--ast-global-color-5)","background-image":"","background-repeat":"repeat","background-position":"center center","background-size":"auto","background-attachment":"scroll","background-type":"","background-media":"","overlay-type":"","overlay-color":"","overlay-opacity":"","overlay-gradient":""},"tablet":{"background-color":"var(--ast-global-color-5)","background-image":"","background-repeat":"repeat","background-position":"center center","background-size":"auto","background-attachment":"scroll","background-type":"","background-media":"","overlay-type":"","overlay-color":"","overlay-opacity":"","overlay-gradient":""},"mobile":{"background-color":"var(--ast-global-color-5)","background-image":"","background-repeat":"repeat","background-position":"center center","background-size":"auto","background-attachment":"scroll","background-type":"","background-media":"","overlay-type":"","overlay-color":"","overlay-opacity":"","overlay-gradient":""}},"footnotes":""},"class_list":["post-1062","page","type-page","status-publish","hentry"],"_links":{"self":[{"href":"https:\/\/featlander.com\/en\/wp-json\/wp\/v2\/pages\/1062","targetHints":{"allow":["GET"]}}],"collection":[{"href":"https:\/\/featlander.com\/en\/wp-json\/wp\/v2\/pages"}],"about":[{"href":"https:\/\/featlander.com\/en\/wp-json\/wp\/v2\/types\/page"}],"author":[{"embeddable":true,"href":"https:\/\/featlander.com\/en\/wp-json\/wp\/v2\/users\/1"}],"replies":[{"embeddable":true,"href":"https:\/\/featlander.com\/en\/wp-json\/wp\/v2\/comments?post=1062"}],"version-history":[{"count":1,"href":"https:\/\/featlander.com\/en\/wp-json\/wp\/v2\/pages\/1062\/revisions"}],"predecessor-version":[{"id":1063,"href":"https:\/\/featlander.com\/en\/wp-json\/wp\/v2\/pages\/1062\/revisions\/1063"}],"wp:attachment":[{"href":"https:\/\/featlander.com\/en\/wp-json\/wp\/v2\/media?parent=1062"}],"curies":[{"name":"wp","href":"https:\/\/api.w.org\/{rel}","templated":true}]}}